{"id":2,"date":"2023-06-09T08:30:57","date_gmt":"2023-06-09T08:30:57","guid":{"rendered":"https:\/\/gabiundkarl.de\/?page_id=2"},"modified":"2023-06-09T10:30:13","modified_gmt":"2023-06-09T10:30:13","slug":"sample-page","status":"publish","type":"page","link":"https:\/\/gabiundkarl.de\/","title":{"rendered":"Gabi und Karl wurde getraut&#8230;"},"content":{"rendered":"\n<p><strong>\u2026 am 20. August 2005 um 13:30 Uhr in der Kunigundenkapelle in den Weinbergen von Bullenheim<\/strong><\/p>\n\n\n\n<div class=\"wp-block-columns is-layout-flex wp-container-core-columns-is-layout-28f84493 wp-block-columns-is-layout-flex\">\n<div class=\"wp-block-column is-layout-flow wp-block-column-is-layout-flow\" style=\"flex-basis:100%\">\n<figure class=\"wp-block-image size-full is-resized\"><img loading=\"lazy\" decoding=\"async\" src=\"https:\/\/gabiundkarl.de\/wp-content\/uploads\/2023\/06\/Hochzeitskuss.jpg\" alt=\"\" class=\"wp-image-6\" width=\"295\" height=\"302\" srcset=\"https:\/\/gabiundkarl.de\/wp-content\/uploads\/2023\/06\/Hochzeitskuss.jpg 800w, https:\/\/gabiundkarl.de\/wp-content\/uploads\/2023\/06\/Hochzeitskuss-294x300.jpg 294w, https:\/\/gabiundkarl.de\/wp-content\/uploads\/2023\/06\/Hochzeitskuss-768x784.jpg 768w\" sizes=\"auto, (max-width: 295px) 100vw, 295px\" \/><\/figure>\n<\/div>\n<\/div>\n\n\n\n<figure class=\"wp-block-image size-full is-resized\"><img loading=\"lazy\" decoding=\"async\" src=\"https:\/\/gabiundkarl.de\/wp-content\/uploads\/2023\/06\/Kapelle.jpg\" alt=\"\" class=\"wp-image-8\" width=\"296\" height=\"444\" srcset=\"https:\/\/gabiundkarl.de\/wp-content\/uploads\/2023\/06\/Kapelle.jpg 600w, https:\/\/gabiundkarl.de\/wp-content\/uploads\/2023\/06\/Kapelle-200x300.jpg 200w\" sizes=\"auto, (max-width: 296px) 100vw, 296px\" \/><\/figure>\n\n\n\n<p>Eure W\u00fcnsche f\u00fcr uns sind w\u00e4hrend der Trauung in den Himmel gestiegen!<\/p>\n","protected":false},"excerpt":{"rendered":"<p>\u2026 am 20. August 2005 um 13:30 Uhr in der Kunigundenkapelle in den Weinbergen von Bullenheim Eure W\u00fcnsche f\u00fcr uns sind w\u00e4hrend der Trauung in den Himmel gestiegen!<\/p>\n","protected":false},"author":1,"featured_media":0,"parent":0,"menu_order":0,"comment_status":"closed","ping_status":"open","template":"","meta":{"footnotes":""},"class_list":["post-2","page","type-page","status-publish","hentry"],"_links":{"self":[{"href":"https:\/\/gabiundkarl.de\/index.php?rest_route=\/wp\/v2\/pages\/2","targetHints":{"allow":["GET"]}}],"collection":[{"href":"https:\/\/gabiundkarl.de\/index.php?rest_route=\/wp\/v2\/pages"}],"about":[{"href":"https:\/\/gabiundkarl.de\/index.php?rest_route=\/wp\/v2\/types\/page"}],"author":[{"embeddable":true,"href":"https:\/\/gabiundkarl.de\/index.php?rest_route=\/wp\/v2\/users\/1"}],"replies":[{"embeddable":true,"href":"https:\/\/gabiundkarl.de\/index.php?rest_route=%2Fwp%2Fv2%2Fcomments&post=2"}],"version-history":[{"count":4,"href":"https:\/\/gabiundkarl.de\/index.php?rest_route=\/wp\/v2\/pages\/2\/revisions"}],"predecessor-version":[{"id":12,"href":"https:\/\/gabiundkarl.de\/index.php?rest_route=\/wp\/v2\/pages\/2\/revisions\/12"}],"wp:attachment":[{"href":"https:\/\/gabiundkarl.de\/index.php?rest_route=%2Fwp%2Fv2%2Fmedia&parent=2"}],"curies":[{"name":"wp","href":"https:\/\/api.w.org\/{rel}","templated":true}]}}